{"id":107,"date":"2024-12-16T16:41:56","date_gmt":"2024-12-16T16:41:56","guid":{"rendered":"http:\/\/emvconstructionllc.com\/about\/"},"modified":"2025-01-01T23:54:55","modified_gmt":"2025-01-01T23:54:55","slug":"about","status":"publish","type":"page","link":"https:\/\/emvconstructionllc.com\/es\/about\/","title":{"rendered":"SOBRE NOSOTROS"},"content":{"rendered":"<div class=\"wp-block-uagb-container uag-hide-tab uag-hide-mob uagb-block-8de9c239 alignfull uagb-is-root-container\"><div class=\"uagb-container__shape uagb-container__shape-bottom uagb-container__invert\" data-negative=\"false\"><svg xmlns=\"https:\/\/www.w3.org\/2000\/svg\" viewbox=\"0 0 283.5 19.6\" preserveaspectratio=\"none\"><path class=\"uagb-container__shape-fill\" opacity=\"0.33\" d=\"M0 0L0 18.8 141.8 4.1 283.5 18.8 283.5 0z\"><\/path><path class=\"uagb-container__shape-fill\" opacity=\"0.33\" d=\"M0 0L0 12.6 141.8 4 283.5 12.6 283.5 0z\"><\/path><path class=\"uagb-container__shape-fill\" opacity=\"0.33\" d=\"M0 0L0 6.4 141.8 4 283.5 6.4 283.5 0z\"><\/path><path class=\"uagb-container__shape-fill\" d=\"M0 0L0 1.2 141.8 4 283.5 1.2 283.5 0z\"><\/path><\/svg><\/div><div class=\"uagb-container-inner-blocks-wrap\">\n<div class=\"wp-block-uagb-advanced-heading uagb-block-92984535\"><h2 class=\"uagb-heading-text\">Construyendo Sue\u00f1os,<\/h2><\/div>\n\n\n\n<div class=\"wp-block-uagb-advanced-heading uagb-block-c93d2539\"><h2 class=\"uagb-heading-text\">Un Proyecto A La Vez.<\/h2><\/div>\n\n\n\n<div class=\"wp-block-uagb-buttons uagb-buttons__outer-wrap uagb-btn__default-btn uagb-btn-tablet__default-btn uagb-btn-mobile__default-btn uagb-block-ce2500bb\"><div class=\"uagb-buttons__wrap uagb-buttons-layout-wrap\">\n<div class=\"wp-block-uagb-buttons-child uagb-buttons__outer-wrap uagb-block-c8e02fdc wp-block-button\"><div class=\"uagb-button__wrapper\"><a class=\"uagb-buttons-repeater wp-block-button__link\" aria-label=\"\" href=\"mailto:emvconstructionllc@hotmail.comemvconstructionllc@hotmail.com?subject=I%20WANT%20TO%20WORK%20WITH%20YOUR%20COMPANY\" rel=\"follow noopener\" target=\"_self\" role=\"button\"><div class=\"uagb-button__link\">CONT\u00c1CTANOS<\/div><\/a><\/div><\/div>\n<\/div><\/div>\n<\/div><\/div>\n\n\n\n<div class=\"wp-block-uagb-container uag-hide-desktop uag-hide-mob uagb-block-c7a1f351 alignfull uagb-is-root-container\"><div class=\"uagb-container__shape uagb-container__shape-bottom uagb-container__invert\" data-negative=\"false\"><svg xmlns=\"https:\/\/www.w3.org\/2000\/svg\" viewbox=\"0 0 283.5 19.6\" preserveaspectratio=\"none\"><path class=\"uagb-container__shape-fill\" opacity=\"0.33\" d=\"M0 0L0 18.8 141.8 4.1 283.5 18.8 283.5 0z\"><\/path><path class=\"uagb-container__shape-fill\" opacity=\"0.33\" d=\"M0 0L0 12.6 141.8 4 283.5 12.6 283.5 0z\"><\/path><path class=\"uagb-container__shape-fill\" opacity=\"0.33\" d=\"M0 0L0 6.4 141.8 4 283.5 6.4 283.5 0z\"><\/path><path class=\"uagb-container__shape-fill\" d=\"M0 0L0 1.2 141.8 4 283.5 1.2 283.5 0z\"><\/path><\/svg><\/div><div class=\"uagb-container-inner-blocks-wrap\">\n<div class=\"wp-block-uagb-advanced-heading uagb-block-fa6aade0\"><h2 class=\"uagb-heading-text\">Construyendo Sue\u00f1os,<\/h2><\/div>\n\n\n\n<div class=\"wp-block-uagb-advanced-heading uagb-block-741deedc\"><h2 class=\"uagb-heading-text\">Un Proyecto A La Vez.<\/h2><\/div>\n\n\n\n<div class=\"wp-block-uagb-buttons uagb-buttons__outer-wrap uagb-btn__default-btn uagb-btn-tablet__default-btn uagb-btn-mobile__default-btn uagb-block-80b5aa6c\"><div class=\"uagb-buttons__wrap uagb-buttons-layout-wrap\">\n<div class=\"wp-block-uagb-buttons-child uagb-buttons__outer-wrap uagb-block-00c028cf wp-block-button\"><div class=\"uagb-button__wrapper\"><a class=\"uagb-buttons-repeater wp-block-button__link\" aria-label=\"\" href=\"mailto:emvconstructionllc@hotmail.comemvconstructionllc@hotmail.com?subject=I%20WANT%20TO%20WORK%20WITH%20YOUR%20COMPANY\" rel=\"follow noopener\" target=\"_self\" role=\"button\"><div class=\"uagb-button__link\">CONT\u00c1CTANOS<\/div><\/a><\/div><\/div>\n<\/div><\/div>\n<\/div><\/div>\n\n\n\n<div class=\"wp-block-uagb-container uag-hide-desktop uag-hide-tab uagb-block-697b609c alignfull uagb-is-root-container\"><div class=\"uagb-container__shape uagb-container__shape-bottom uagb-container__invert\" data-negative=\"false\"><svg xmlns=\"https:\/\/www.w3.org\/2000\/svg\" viewbox=\"0 0 283.5 19.6\" preserveaspectratio=\"none\"><path class=\"uagb-container__shape-fill\" opacity=\"0.33\" d=\"M0 0L0 18.8 141.8 4.1 283.5 18.8 283.5 0z\"><\/path><path class=\"uagb-container__shape-fill\" opacity=\"0.33\" d=\"M0 0L0 12.6 141.8 4 283.5 12.6 283.5 0z\"><\/path><path class=\"uagb-container__shape-fill\" opacity=\"0.33\" d=\"M0 0L0 6.4 141.8 4 283.5 6.4 283.5 0z\"><\/path><path class=\"uagb-container__shape-fill\" d=\"M0 0L0 1.2 141.8 4 283.5 1.2 283.5 0z\"><\/path><\/svg><\/div><div class=\"uagb-container-inner-blocks-wrap\">\n<div class=\"wp-block-uagb-advanced-heading uagb-block-04ac3b22\"><h2 class=\"uagb-heading-text\">Construyendo Sue\u00f1os,<\/h2><\/div>\n\n\n\n<div class=\"wp-block-uagb-advanced-heading uagb-block-4defdffc\"><h2 class=\"uagb-heading-text\">Un Proyecto A La Vez.<\/h2><\/div>\n\n\n\n<div class=\"wp-block-uagb-buttons uagb-buttons__outer-wrap uagb-btn__default-btn uagb-btn-tablet__default-btn uagb-btn-mobile__default-btn uagb-block-35803921\"><div class=\"uagb-buttons__wrap uagb-buttons-layout-wrap\">\n<div class=\"wp-block-uagb-buttons-child uagb-buttons__outer-wrap uagb-block-6c5918ee wp-block-button\"><div class=\"uagb-button__wrapper\"><a class=\"uagb-buttons-repeater wp-block-button__link\" aria-label=\"\" href=\"mailto:emvconstructionllc@hotmail.comemvconstructionllc@hotmail.com?subject=I%20WANT%20TO%20WORK%20WITH%20YOUR%20COMPANY\" rel=\"follow noopener\" target=\"_self\" role=\"button\"><div class=\"uagb-button__link\">CONT\u00c1CTANOS<\/div><\/a><\/div><\/div>\n<\/div><\/div>\n<\/div><\/div>\n\n\n\n<div class=\"wp-block-uagb-container uag-hide-desktop uagb-block-c1107f9e alignfull uagb-is-root-container\"><div class=\"uagb-container-inner-blocks-wrap\">\n<div class=\"wp-block-group is-vertical is-layout-flex wp-container-core-group-is-layout-1 wp-block-group-is-layout-flex\">\n<div class=\"wp-block-uagb-advanced-heading uagb-block-787059f1\"><h2 class=\"uagb-heading-text\">Confianza, Integridad y Profesionalismo.<\/h2><\/div>\n\n\n\n<div class=\"wp-block-uagb-advanced-heading uagb-block-a48a95ec\"><h2 class=\"uagb-heading-text\">Si est\u00e1s buscando una empresa de construcci\u00f3n que combine experiencia, dedicaci\u00f3n y un compromiso con la excelencia, EMV Construction es tu socio de confianza en Virginia. Guiados por la honestidad y la integridad, abordamos cada proyecto con precisi\u00f3n y cuidado, asegurando resultados que superen las expectativas. Desde el concepto hasta la finalizaci\u00f3n, nuestro enfoque se mantiene en entregar estructuras que cumplan con tus necesidades hoy y que resistan la prueba del tiempo para las generaciones futuras.<\/h2><\/div>\n<\/div>\n<\/div><\/div>\n\n\n\n<div class=\"wp-block-uagb-container uag-hide-tab uag-hide-mob uagb-block-59942f80 alignfull uagb-is-root-container\"><div class=\"uagb-container-inner-blocks-wrap\">\n<div class=\"wp-block-group is-vertical is-layout-flex wp-container-core-group-is-layout-2 wp-block-group-is-layout-flex\">\n<div class=\"wp-block-uagb-advanced-heading uagb-block-0943cfce\"><h2 class=\"uagb-heading-text\">Confianza, Integridad y Profesionalismo.<\/h2><\/div>\n\n\n\n<div class=\"wp-block-uagb-advanced-heading uagb-block-48a03966\"><h2 class=\"uagb-heading-text\">Si est\u00e1s buscando una empresa de construcci\u00f3n que combine experiencia, dedicaci\u00f3n y un compromiso con la excelencia, EMV Construction es tu socio de confianza en Virginia. Guiados por la honestidad y la integridad, abordamos cada proyecto con precisi\u00f3n y cuidado, asegurando resultados que superen las expectativas. Desde el concepto hasta la finalizaci\u00f3n, nuestro enfoque se mantiene en entregar estructuras que cumplan con tus necesidades hoy y que resistan la prueba del tiempo para las generaciones futuras.<\/h2><\/div>\n<\/div>\n<\/div><\/div>\n\n\n\n<div class=\"wp-block-uagb-container uagb-block-c6306452 alignfull uagb-is-root-container\"><div class=\"uagb-container-inner-blocks-wrap\">\n<div class=\"wp-block-uagb-advanced-heading uagb-block-e1d6438f\"><h2 class=\"uagb-heading-text\">\u00bfBuscas todas tus necesidades de construcci\u00f3n en un solo lugar?<\/h2><\/div>\n\n\n\n<div class=\"wp-block-uagb-advanced-heading uagb-block-f69271d3\"><h2 class=\"uagb-heading-text\">Cont\u00e1ctanos y te ayudaremos.<\/h2><\/div>\n<\/div><\/div>\n\n\n\n<div class=\"wp-block-uagb-container uagb-block-baae1dfe alignfull uagb-is-root-container\"><div class=\"uagb-container-inner-blocks-wrap\">\n<div class=\"wp-block-group is-vertical is-layout-flex wp-container-core-group-is-layout-3 wp-block-group-is-layout-flex\">\n<div class=\"wp-block-uagb-advanced-heading uagb-block-2f86640a\"><h2 class=\"uagb-heading-text\">\u00bfPor qu\u00e9 deber\u00eda ser EMV Construction tu primera opci\u00f3n?<\/h2><\/div>\n\n\n\n<div class=\"wp-block-uagb-image aligncenter uagb-block-1cdc9a59 wp-block-uagb-image--layout-default wp-block-uagb-image--effect-static wp-block-uagb-image--align-center\"><figure class=\"wp-block-uagb-image__figure\"><img decoding=\"async\" srcset=\"https:\/\/emvconstructionllc.com\/wp-content\/uploads\/2024\/12\/FOUR-SECCION-300x300.webp ,https:\/\/emvconstructionllc.com\/wp-content\/uploads\/2024\/12\/FOUR-SECCION.webp 780w, https:\/\/emvconstructionllc.com\/wp-content\/uploads\/2024\/12\/FOUR-SECCION.webp 360w\" sizes=\"auto, (max-width: 480px) 150px\" src=\"https:\/\/emvconstructionllc.com\/wp-content\/uploads\/2024\/12\/FOUR-SECCION-300x300.webp\" alt=\"\" class=\"uag-image-950\" width=\"400\" height=\"400\" title=\"FOUR SECCION\" loading=\"lazy\" role=\"img\"\/><\/figure><\/div>\n\n\n\n<div class=\"wp-block-uagb-advanced-heading uagb-block-b733ac8a\"><h2 class=\"uagb-heading-text\">En EMV Construction, priorizamos una comunicaci\u00f3n clara y abierta para comprender completamente tus expectativas y superarlas. A trav\u00e9s de una planificaci\u00f3n meticulosa, optimizamos el valor de tu inversi\u00f3n, aprovechando nuestra amplia experiencia en construcci\u00f3n para entregar resultados excepcionales. Comenzando con tu visi\u00f3n y continuando hasta la finalizaci\u00f3n del proyecto, nos enfocamos en encontrar soluciones innovadoras que se alineen con tus objetivos. Nuestro enfoque asegura un valor sobresaliente, entregando los resultados que deseas dentro de tu presupuesto y en el plazo establecido.<\/h2><\/div>\n<\/div>\n<\/div><\/div>","protected":false},"excerpt":{"rendered":"<p>Building Dreams, One Project at a Time Building Dreams, One Project at a Time Building Dreams, One Project at a Time Trust, Integrity, and Professionalism If you\u2019re searching for a construction company that combines expertise, dedication, and a commitment to excellence, EMV Construction is your trusted partner in Virginia. Guided by honesty and integrity, we [&hellip;]<\/p>","protected":false},"author":1,"featured_media":0,"parent":0,"menu_order":0,"comment_status":"closed","ping_status":"closed","template":"","meta":{"_uag_custom_page_level_css":"","site-sidebar-layout":"default","site-content-layout":"","ast-site-content-layout":"default","site-content-style":"default","site-sidebar-style":"default","ast-global-header-display":"","ast-banner-title-visibility":"","ast-main-header-display":"","ast-hfb-above-header-display":"","ast-hfb-below-header-display":"","ast-hfb-mobile-header-display":"","site-post-title":"disabled","ast-breadcrumbs-content":"","ast-featured-img":"","footer-sml-layout":"","ast-disable-related-posts":"","theme-transparent-header-meta":"enabled","adv-header-id-meta":"","stick-header-meta":"","header-above-stick-meta":"","header-main-stick-meta":"","header-below-stick-meta":"","astra-migrate-meta-layouts":"set","ast-page-background-enabled":"default","ast-page-background-meta":{"desktop":{"background-color":"var(--ast-global-color-5)","background-image":"","background-repeat":"repeat","background-position":"center center","background-size":"auto","background-attachment":"scroll","background-type":"","background-media":"","overlay-type":"","overlay-color":"","overlay-opacity":"","overlay-gradient":""},"tablet":{"background-color":"","background-image":"","background-repeat":"repeat","background-position":"center center","background-size":"auto","background-attachment":"scroll","background-type":"","background-media":"","overlay-type":"","overlay-color":"","overlay-opacity":"","overlay-gradient":""},"mobile":{"background-color":"","background-image":"","background-repeat":"repeat","background-position":"center center","background-size":"auto","background-attachment":"scroll","background-type":"","background-media":"","overlay-type":"","overlay-color":"","overlay-opacity":"","overlay-gradient":""}},"ast-content-background-meta":{"desktop":{"background-color":"var(--ast-global-color-4)","background-image":"","background-repeat":"repeat","background-position":"center center","background-size":"auto","background-attachment":"scroll","background-type":"","background-media":"","overlay-type":"","overlay-color":"","overlay-opacity":"","overlay-gradient":""},"tablet":{"background-color":"var(--ast-global-color-4)","background-image":"","background-repeat":"repeat","background-position":"center center","background-size":"auto","background-attachment":"scroll","background-type":"","background-media":"","overlay-type":"","overlay-color":"","overlay-opacity":"","overlay-gradient":""},"mobile":{"background-color":"var(--ast-global-color-4)","background-image":"","background-repeat":"repeat","background-position":"center center","background-size":"auto","background-attachment":"scroll","background-type":"","background-media":"","overlay-type":"","overlay-color":"","overlay-opacity":"","overlay-gradient":""}},"footnotes":""},"class_list":["post-107","page","type-page","status-publish","hentry"],"aioseo_notices":[],"uagb_featured_image_src":{"full":false,"thumbnail":false,"medium":false,"medium_large":false,"large":false,"1536x1536":false,"2048x2048":false,"trp-custom-language-flag":false},"uagb_author_info":{"display_name":"emvconstructionllc@hotmail.com","author_link":"https:\/\/emvconstructionllc.com\/es\/author\/emvconstructionllchotmail-com\/"},"uagb_comment_info":0,"uagb_excerpt":"Building Dreams, One Project at a Time Building Dreams, One Project at a Time Building Dreams, One Project at a Time Trust, Integrity, and Professionalism If you\u2019re searching for a construction company that combines expertise, dedication, and a commitment to excellence, EMV Construction is your trusted partner in Virginia. Guided by honesty and integrity, we&hellip;","_links":{"self":[{"href":"https:\/\/emvconstructionllc.com\/es\/wp-json\/wp\/v2\/pages\/107","targetHints":{"allow":["GET"]}}],"collection":[{"href":"https:\/\/emvconstructionllc.com\/es\/wp-json\/wp\/v2\/pages"}],"about":[{"href":"https:\/\/emvconstructionllc.com\/es\/wp-json\/wp\/v2\/types\/page"}],"author":[{"embeddable":true,"href":"https:\/\/emvconstructionllc.com\/es\/wp-json\/wp\/v2\/users\/1"}],"replies":[{"embeddable":true,"href":"https:\/\/emvconstructionllc.com\/es\/wp-json\/wp\/v2\/comments?post=107"}],"version-history":[{"count":31,"href":"https:\/\/emvconstructionllc.com\/es\/wp-json\/wp\/v2\/pages\/107\/revisions"}],"predecessor-version":[{"id":1118,"href":"https:\/\/emvconstructionllc.com\/es\/wp-json\/wp\/v2\/pages\/107\/revisions\/1118"}],"wp:attachment":[{"href":"https:\/\/emvconstructionllc.com\/es\/wp-json\/wp\/v2\/media?parent=107"}],"curies":[{"name":"wp","href":"https:\/\/api.w.org\/{rel}","templated":true}]}}